{"id":108,"date":"2018-06-06T12:08:33","date_gmt":"2018-06-06T10:08:33","guid":{"rendered":"https:\/\/www.imo-galle.de\/datenschutzerklaerung\/"},"modified":"2019-08-01T17:49:56","modified_gmt":"2019-08-01T15:49:56","slug":"datenschutzerklaerung","status":"publish","type":"page","link":"https:\/\/www.imo-galle.de\/es\/datenschutzerklaerung\/","title":{"rendered":"Declaraci\u00f3n de protecci\u00f3n de datos"},"content":{"rendered":"<table class=\"t1\" cellspacing=\"0\" cellpadding=\"0\">\n<tbody>\n<tr>\n<td class=\"td1\" valign=\"middle\">\n<p class=\"p1\"><span class=\"s1\"><b>AVISO DE PRIVACIDAD<\/b><\/span><\/p>\n<\/td>\n<\/tr>\n<tr>\n<td class=\"td2\" valign=\"middle\">\n<p class=\"p2\"><span class=\"s1\">\u00a0<\/span><\/p>\n<\/td>\n<\/tr>\n<\/tbody>\n<\/table>\n<table class=\"t1\" cellspacing=\"0\" cellpadding=\"0\">\n<tbody>\n<tr>\n<td class=\"td3\" valign=\"middle\">\n<p class=\"p3\"><span class=\"s1\"><b>\u00bfQui\u00e9nes somos? <\/b><\/span><\/p>\n<\/td>\n<td class=\"td4\" valign=\"middle\">\n<p class=\"p3\"><span class=\"s1\">IMO-Galle S.A de C.V., con domicilio en calle D\u00edaz Ordaz 4, colonia San Juan Cuautlancingo Centro, ciudad Cuautlancingo, C.P. 72700, en la entidad de Puebla, M\u00e9xico, y portal de internet info@imo-galle.mx, es el responsable del uso y protecci\u00f3n de sus datos personales, y al respecto le informamos lo siguiente: <\/span><\/p>\n<\/td>\n<\/tr>\n<tr>\n<td class=\"td5\" valign=\"middle\">\n<p class=\"p3\"><span class=\"s1\"><b>\u00bfPara qu\u00e9 fines utilizaremos sus datos personales? <\/b><\/span><\/p>\n<\/td>\n<td class=\"td6\" valign=\"middle\">\n<p class=\"p4\"><span class=\"s1\">De manera adicional, utilizaremos su informaci\u00f3n personal para las siguientes finalidades secundarias que <b>no son necesarias<\/b> para el servicio solicitado, pero que nos permiten y facilitan brindarle una mejor atenci\u00f3n:<\/span><\/p>\n<ul class=\"ul1\">\n<li class=\"li4\"><span class=\"s1\">Provisi\u00f3n de la oferta, sus funciones y contenidos.<\/span><\/li>\n<li class=\"li4\"><span class=\"s1\">Responder a las solicitudes de contacto y comunicarse con los usuarios<\/span><\/li>\n<li class=\"li4\"><span class=\"s1\">Medidas de seguridad<\/span><\/li>\n<li class=\"li4\"><span class=\"s1\">Marketing<\/span><\/li>\n<li class=\"li4\"><span class=\"s1\">Mercadotecnia o publicitaria<\/span><\/li>\n<li class=\"li4\"><span class=\"s1\">Prospecci\u00f3n comercial<\/span><\/li>\n<\/ul>\n<p class=\"p5\"><span class=\"s1\">En caso de que no desee que sus datos personales se utilicen para estos fines secundarios, ind\u00edquelo a continuaci\u00f3n:<\/p>\n<p>No consiento que mis datos personales se utilicen para los siguientes fines:<\/p>\n<p><\/span><span class=\"s3\">[\u00a0\u00a0]<\/span><span class=\"s1\">\u00a0Provisi\u00f3n de la oferta, sus funciones y contenidos.<br \/>\n<\/span><span class=\"s3\">[\u00a0\u00a0]<\/span><span class=\"s1\">\u00a0Responder a las solicitudes de contacto y comunicarse con los usuarios<br \/>\n<\/span><span class=\"s3\">[\u00a0\u00a0]<\/span><span class=\"s1\">\u00a0Medidas de seguridad<br \/>\n<\/span><span class=\"s3\">[\u00a0\u00a0]<\/span><span class=\"s1\">\u00a0Marketing<br \/>\n<\/span><span class=\"s3\">[\u00a0\u00a0]\u00a0<\/span><span class=\"s1\">Mercadotecnia o publicitaria<br \/>\n<\/span><span class=\"s3\">[\u00a0\u00a0]\u00a0<\/span><span class=\"s1\">Prospecci\u00f3n comercial<\/p>\n<p>La negativa para el uso de sus datos personales para estas finalidades no podr\u00e1 ser un motivo para que le neguemos los servicios y productos que solicita o contrata con nosotros.<\/span><\/p>\n<\/td>\n<\/tr>\n<tr>\n<td class=\"td7\" valign=\"middle\">\n<p class=\"p3\"><span class=\"s1\"><b>\u00bfD\u00f3nde puedo consultar el aviso de privacidad integral? <\/b><\/span><\/p>\n<\/td>\n<td class=\"td8\" valign=\"middle\">\n<p class=\"p5\"><span class=\"s1\">Para conocer mayor informaci\u00f3n sobre los t\u00e9rminos y condiciones en que ser\u00e1n tratados sus datos personales, como los terceros con quienes compartimos su informaci\u00f3n personal y la forma en que podr\u00e1 ejercer sus derechos ARCO, puede consultar el aviso de privacidad integral en:<\/p>\n<p>Vinculo electr\u00f3nico<\/span><\/p>\n<\/td>\n<\/tr>\n<\/tbody>\n<\/table>\n","protected":false},"excerpt":{"rendered":"<p>AVISO DE PRIVACIDAD \u00a0 \u00bfQui\u00e9nes somos? IMO-Galle S.A de C.V., con domicilio en calle D\u00edaz Ordaz 4, colonia San Juan Cuautlancingo Centro, ciudad Cuautlancingo, C.P. 72700, en la entidad de Puebla, M\u00e9xico, y portal de internet info@imo-galle.mx, es el responsable del uso y protecci\u00f3n de sus datos personales, y al respecto le informamos lo siguiente: [&hellip;]<\/p>\n","protected":false},"author":1,"featured_media":0,"parent":0,"menu_order":80,"comment_status":"closed","ping_status":"closed","template":"page_imprint.php","meta":{"_acf_changed":false,"footnotes":""},"class_list":["post-108","page","type-page","status-publish","hentry"],"acf":[],"yoast_head":"<!-- This site is optimized with the Yoast SEO plugin v26.8 - https:\/\/yoast.com\/product\/yoast-seo-wordpress\/ -->\n<title>Declaraci\u00f3n de protecci\u00f3n de datos - IMO-Galle GmbH &amp; Co. KG<\/title>\n<meta name=\"robots\" content=\"index, follow, max-snippet:-1, max-image-preview:large, max-video-preview:-1\" \/>\n<link rel=\"canonical\" href=\"https:\/\/www.imo-galle.de\/es\/datenschutzerklaerung\/\" \/>\n<meta property=\"og:locale\" content=\"es_MX\" \/>\n<meta property=\"og:type\" content=\"article\" \/>\n<meta property=\"og:title\" content=\"Declaraci\u00f3n de protecci\u00f3n de datos - IMO-Galle GmbH &amp; Co. KG\" \/>\n<meta property=\"og:description\" content=\"AVISO DE PRIVACIDAD \u00a0 \u00bfQui\u00e9nes somos? IMO-Galle S.A de C.V., con domicilio en calle D\u00edaz Ordaz 4, colonia San Juan Cuautlancingo Centro, ciudad Cuautlancingo, C.P. 72700, en la entidad de Puebla, M\u00e9xico, y portal de internet info@imo-galle.mx, es el responsable del uso y protecci\u00f3n de sus datos personales, y al respecto le informamos lo siguiente: [&hellip;]\" \/>\n<meta property=\"og:url\" content=\"https:\/\/www.imo-galle.de\/es\/datenschutzerklaerung\/\" \/>\n<meta property=\"og:site_name\" content=\"IMO-Galle GmbH &amp; Co. KG\" \/>\n<meta property=\"article:modified_time\" content=\"2019-08-01T15:49:56+00:00\" \/>\n<meta name=\"twitter:card\" content=\"summary_large_image\" \/>\n<meta name=\"twitter:label1\" content=\"Tiempo de lectura\" \/>\n\t<meta name=\"twitter:data1\" content=\"1 minuto\" \/>\n<script type=\"application\/ld+json\" class=\"yoast-schema-graph\">{\"@context\":\"https:\/\/schema.org\",\"@graph\":[{\"@type\":\"WebPage\",\"@id\":\"https:\/\/www.imo-galle.de\/es\/datenschutzerklaerung\/\",\"url\":\"https:\/\/www.imo-galle.de\/es\/datenschutzerklaerung\/\",\"name\":\"Declaraci\u00f3n de protecci\u00f3n de datos - IMO-Galle GmbH &amp; Co. KG\",\"isPartOf\":{\"@id\":\"https:\/\/www.imo-galle.de\/es\/#website\"},\"datePublished\":\"2018-06-06T10:08:33+00:00\",\"dateModified\":\"2019-08-01T15:49:56+00:00\",\"breadcrumb\":{\"@id\":\"https:\/\/www.imo-galle.de\/es\/datenschutzerklaerung\/#breadcrumb\"},\"inLanguage\":\"es\",\"potentialAction\":[{\"@type\":\"ReadAction\",\"target\":[\"https:\/\/www.imo-galle.de\/es\/datenschutzerklaerung\/\"]}]},{\"@type\":\"BreadcrumbList\",\"@id\":\"https:\/\/www.imo-galle.de\/es\/datenschutzerklaerung\/#breadcrumb\",\"itemListElement\":[{\"@type\":\"ListItem\",\"position\":1,\"name\":\"Startseite\",\"item\":\"https:\/\/www.imo-galle.de\/es\/\"},{\"@type\":\"ListItem\",\"position\":2,\"name\":\"Declaraci\u00f3n de protecci\u00f3n de datos\"}]},{\"@type\":\"WebSite\",\"@id\":\"https:\/\/www.imo-galle.de\/es\/#website\",\"url\":\"https:\/\/www.imo-galle.de\/es\/\",\"name\":\"IMO-Galle GmbH & Co. KG\",\"description\":\"Industriemontagen Galle\",\"potentialAction\":[{\"@type\":\"SearchAction\",\"target\":{\"@type\":\"EntryPoint\",\"urlTemplate\":\"https:\/\/www.imo-galle.de\/es\/?s={search_term_string}\"},\"query-input\":{\"@type\":\"PropertyValueSpecification\",\"valueRequired\":true,\"valueName\":\"search_term_string\"}}],\"inLanguage\":\"es\"}]}<\/script>\n<!-- \/ Yoast SEO plugin. -->","yoast_head_json":{"title":"Declaraci\u00f3n de protecci\u00f3n de datos - IMO-Galle GmbH &amp; Co. KG","robots":{"index":"index","follow":"follow","max-snippet":"max-snippet:-1","max-image-preview":"max-image-preview:large","max-video-preview":"max-video-preview:-1"},"canonical":"https:\/\/www.imo-galle.de\/es\/datenschutzerklaerung\/","og_locale":"es_MX","og_type":"article","og_title":"Declaraci\u00f3n de protecci\u00f3n de datos - IMO-Galle GmbH &amp; Co. KG","og_description":"AVISO DE PRIVACIDAD \u00a0 \u00bfQui\u00e9nes somos? IMO-Galle S.A de C.V., con domicilio en calle D\u00edaz Ordaz 4, colonia San Juan Cuautlancingo Centro, ciudad Cuautlancingo, C.P. 72700, en la entidad de Puebla, M\u00e9xico, y portal de internet info@imo-galle.mx, es el responsable del uso y protecci\u00f3n de sus datos personales, y al respecto le informamos lo siguiente: [&hellip;]","og_url":"https:\/\/www.imo-galle.de\/es\/datenschutzerklaerung\/","og_site_name":"IMO-Galle GmbH &amp; Co. KG","article_modified_time":"2019-08-01T15:49:56+00:00","twitter_card":"summary_large_image","twitter_misc":{"Tiempo de lectura":"1 minuto"},"schema":{"@context":"https:\/\/schema.org","@graph":[{"@type":"WebPage","@id":"https:\/\/www.imo-galle.de\/es\/datenschutzerklaerung\/","url":"https:\/\/www.imo-galle.de\/es\/datenschutzerklaerung\/","name":"Declaraci\u00f3n de protecci\u00f3n de datos - IMO-Galle GmbH &amp; Co. KG","isPartOf":{"@id":"https:\/\/www.imo-galle.de\/es\/#website"},"datePublished":"2018-06-06T10:08:33+00:00","dateModified":"2019-08-01T15:49:56+00:00","breadcrumb":{"@id":"https:\/\/www.imo-galle.de\/es\/datenschutzerklaerung\/#breadcrumb"},"inLanguage":"es","potentialAction":[{"@type":"ReadAction","target":["https:\/\/www.imo-galle.de\/es\/datenschutzerklaerung\/"]}]},{"@type":"BreadcrumbList","@id":"https:\/\/www.imo-galle.de\/es\/datenschutzerklaerung\/#breadcrumb","itemListElement":[{"@type":"ListItem","position":1,"name":"Startseite","item":"https:\/\/www.imo-galle.de\/es\/"},{"@type":"ListItem","position":2,"name":"Declaraci\u00f3n de protecci\u00f3n de datos"}]},{"@type":"WebSite","@id":"https:\/\/www.imo-galle.de\/es\/#website","url":"https:\/\/www.imo-galle.de\/es\/","name":"IMO-Galle GmbH & Co. KG","description":"Industriemontagen Galle","potentialAction":[{"@type":"SearchAction","target":{"@type":"EntryPoint","urlTemplate":"https:\/\/www.imo-galle.de\/es\/?s={search_term_string}"},"query-input":{"@type":"PropertyValueSpecification","valueRequired":true,"valueName":"search_term_string"}}],"inLanguage":"es"}]}},"_links":{"self":[{"href":"https:\/\/www.imo-galle.de\/es\/wp-json\/wp\/v2\/pages\/108","targetHints":{"allow":["GET"]}}],"collection":[{"href":"https:\/\/www.imo-galle.de\/es\/wp-json\/wp\/v2\/pages"}],"about":[{"href":"https:\/\/www.imo-galle.de\/es\/wp-json\/wp\/v2\/types\/page"}],"author":[{"embeddable":true,"href":"https:\/\/www.imo-galle.de\/es\/wp-json\/wp\/v2\/users\/1"}],"replies":[{"embeddable":true,"href":"https:\/\/www.imo-galle.de\/es\/wp-json\/wp\/v2\/comments?post=108"}],"version-history":[{"count":2,"href":"https:\/\/www.imo-galle.de\/es\/wp-json\/wp\/v2\/pages\/108\/revisions"}],"predecessor-version":[{"id":587,"href":"https:\/\/www.imo-galle.de\/es\/wp-json\/wp\/v2\/pages\/108\/revisions\/587"}],"wp:attachment":[{"href":"https:\/\/www.imo-galle.de\/es\/wp-json\/wp\/v2\/media?parent=108"}],"curies":[{"name":"wp","href":"https:\/\/api.w.org\/{rel}","templated":true}]}}